{"id":713,"date":"2021-10-11T08:55:19","date_gmt":"2021-10-11T06:55:19","guid":{"rendered":"https:\/\/peniche-ma-pensee.com\/?page_id=713"},"modified":"2025-10-17T10:26:49","modified_gmt":"2025-10-17T08:26:49","slug":"cabine-03","status":"publish","type":"page","link":"https:\/\/peniche-ma-pensee.com\/en\/cabine-03\/","title":{"rendered":"Cabin 03"},"content":{"rendered":"<div class=\"wpb-content-wrapper\">\r\n<div  data-mk-stretch-content=\"true\" class=\"wpb_row vc_row vc_row-fluid jupiter-donut- mk-fullwidth-false  attched-false     js-master-row  mk-grid\">\r\n\t\t\t\t\r\n<div class=\"vc_col-sm-12 wpb_column column_container  jupiter-donut- _ jupiter-donut-height-full\">\r\n\t\r\n<h2 id=\"fancy-title-2\" class=\"mk-fancy-title  simple-style jupiter-donut-  color-single\">\r\n\t<span>\r\n\t\t\t\t<p>Cabin 03 overview<\/p>\n\t\t\t<\/span>\r\n<\/h2>\r\n<div class=\"clearboth\"><\/div>\r\n\r\n\r\n\r\n<\/div>\r\n\t<\/div>\r\n\r\n<div  data-mk-stretch-content=\"true\" class=\"wpb_row vc_row vc_row-fluid jupiter-donut- mk-fullwidth-false  attched-false     js-master-row  mk-grid\">\r\n\t\t\t\t\r\n<div class=\"vc_col-sm-8 wpb_column column_container  jupiter-donut- _ jupiter-donut-height-full\">\r\n\t<\/div>\r\n\r\n<div class=\"vc_col-sm-4 wpb_column column_container  jupiter-donut- _ jupiter-donut-height-full\">\r\n\t\t<div class=\"vc_custom_1760689340103\">\r\n\r\n<div id=\"text-block-5\" class=\"mk-text-block  jupiter-donut-\">\r\n\r\n\t\r\n\t<ul style=\"font-size: 18px;\">\n<li style=\"margin-bottom: 10px;\">Living room \/ lounge (bench, dining area, television, 200*140cm bed) \/ equipped kitchen in the cockpit (hotplates, microwave, fridge, Nespresso and filter coffee machine, accessories)<\/li>\n<li style=\"margin-bottom: 10px;\">Bathroom (shower)<\/li>\n<li style=\"margin-bottom: 10px;\">Terrace (dining area)<\/li>\n<li style=\"margin-bottom: 10px;\">Private access gateway<\/li>\n<li style=\"margin-bottom: 10px;\">Hugely charming but due to its layout, the kitchen\/cockpit area will be less comfortable for tall people.<\/li>\n<li style=\"margin-bottom: 10px;\">2 bicycles available (shared and self-service)<\/li>\n<\/ul>\n\r\n\t<div class=\"clearboth\"><\/div>\r\n<\/div>\r\n\r\n\t<\/div>\r\n\r\n\r\n<div class=\"wpb_row vc_inner vc_row vc_row-fluid jupiter-donut-   attched-false   vc_custom_1560417989613\">\r\n\t\t\t<div class=\"wpb_column vc_column_container vc_col-sm-12\"><div class=\"vc_column-inner\"><div class=\"wpb_wrapper\"><div class=\"vc_btn3-container vc_btn3-center vc_custom_1733710976671 vc_do_btn\" ><a class=\"vc_general vc_btn3 vc_btn3-size-lg vc_btn3-shape-rounded vc_btn3-style-modern vc_btn3-block vc_btn3-color-green\" href=\"https:\/\/peniche-ma-pensee.com\/en\/reservation-booking\/\" title=\"Booking\">I reserve the cabine 03 on the p\u00e9niche ma pens\u00e9e!<\/a><\/div><\/div><\/div><\/div>\t<\/div>\r\n<\/div>\r\n\t<\/div>\r\n\r\n<div  data-mk-stretch-content=\"true\" class=\"wpb_row vc_row vc_row-fluid jupiter-donut- mk-fullwidth-false  attched-false     js-master-row  mk-grid\">\r\n\t\t\t\t\r\n<div class=\"vc_col-sm-3 wpb_column column_container  jupiter-donut- _ jupiter-donut-height-full\">\r\n\t<\/div>\r\n\t<\/div>\r\n\r\n<div  data-mk-stretch-content=\"true\" class=\"wpb_row vc_row vc_row-fluid jupiter-donut- mk-fullwidth-false  attched-false     js-master-row  mk-grid\">\r\n\t\t\t\t\r\n<div class=\"vc_col-sm-12 wpb_column column_container  jupiter-donut- _ jupiter-donut-height-full\">\r\n\t<\/div>\r\n\t<\/div>\r\n\n<\/div>","protected":false},"excerpt":{"rendered":"Aper\u00e7u de la cabine 03 S\u00e9jour \/ salon (banquette, espace repas, t\u00e9l\u00e9vision, lit 200*140cm) \/ cuisine \u00e9quip\u00e9e dans la cabine de pilotage (plaques de cuisson, micro onde, frigo, cafeti\u00e8re Nespresso et \u00e0 filtre, accessoires) Salle de bain (douche) Terrasse (espace repas) Passerelle d'acc\u00e8s privative \u00c9norm\u00e9ment de charme mais de part sa configuration, la partie cuisine\/poste [...]","protected":false},"author":1,"featured_media":0,"parent":0,"menu_order":0,"comment_status":"closed","ping_status":"closed","template":"","meta":{"footnotes":""},"class_list":["post-713","page","type-page","status-publish","hentry"],"_links":{"self":[{"href":"https:\/\/peniche-ma-pensee.com\/en\/wp-json\/wp\/v2\/pages\/713","targetHints":{"allow":["GET"]}}],"collection":[{"href":"https:\/\/peniche-ma-pensee.com\/en\/wp-json\/wp\/v2\/pages"}],"about":[{"href":"https:\/\/peniche-ma-pensee.com\/en\/wp-json\/wp\/v2\/types\/page"}],"author":[{"embeddable":true,"href":"https:\/\/peniche-ma-pensee.com\/en\/wp-json\/wp\/v2\/users\/1"}],"replies":[{"embeddable":true,"href":"https:\/\/peniche-ma-pensee.com\/en\/wp-json\/wp\/v2\/comments?post=713"}],"version-history":[{"count":10,"href":"https:\/\/peniche-ma-pensee.com\/en\/wp-json\/wp\/v2\/pages\/713\/revisions"}],"predecessor-version":[{"id":1140,"href":"https:\/\/peniche-ma-pensee.com\/en\/wp-json\/wp\/v2\/pages\/713\/revisions\/1140"}],"wp:attachment":[{"href":"https:\/\/peniche-ma-pensee.com\/en\/wp-json\/wp\/v2\/media?parent=713"}],"curies":[{"name":"wp","href":"https:\/\/api.w.org\/{rel}","templated":true}]}}